{"id":4501,"date":"2015-03-22T19:21:48","date_gmt":"2015-03-22T17:21:48","guid":{"rendered":"http:\/\/wirth-vm.de\/?page_id=4501"},"modified":"2015-03-22T20:18:15","modified_gmt":"2015-03-22T18:18:15","slug":"sitemap","status":"publish","type":"page","link":"https:\/\/wirth-vm.de\/?page_id=4501","title":{"rendered":"Sitemap"},"content":{"rendered":"\n<!-- Page-list plugin v.5.2 wordpress.org\/plugins\/page-list\/ -->\n<ul class=\"page-list \">\n<li class=\"page_item page-item-839\"><a href=\"https:\/\/wirth-vm.de\/\">Startseite<\/a><\/li>\n<li class=\"page_item page-item-4501\"><a href=\"https:\/\/wirth-vm.de\/?page_id=4501\">Sitemap<\/a><\/li>\n<li class=\"page_item page-item-4510 page_item_has_children\"><a href=\"https:\/\/wirth-vm.de\/?page_id=4510\">\u00dcber uns<\/a>\n<ul class='children'>\n\t<li class=\"page_item page-item-4217\"><a href=\"https:\/\/wirth-vm.de\/?page_id=4217\">Unser Unternehmensziel<\/a><\/li>\n\t<li class=\"page_item page-item-4219\"><a href=\"https:\/\/wirth-vm.de\/?page_id=4219\">Das Team<\/a><\/li>\n\t<li class=\"page_item page-item-4221\"><a href=\"https:\/\/wirth-vm.de\/?page_id=4221\">Firmenhistorie<\/a><\/li>\n\t<li class=\"page_item page-item-4223\"><a href=\"https:\/\/wirth-vm.de\/?page_id=4223\">Netzwerk &#038; Partner<\/a><\/li>\n\t<li class=\"page_item page-item-4225\"><a href=\"https:\/\/wirth-vm.de\/?page_id=4225\">Berufsbild<\/a><\/li>\n<\/ul>\n<\/li>\n<li class=\"page_item page-item-4512 page_item_has_children\"><a href=\"https:\/\/wirth-vm.de\/?page_id=4512\">Unsere Mandanten<\/a>\n<ul class='children'>\n\t<li class=\"page_item page-item-4489\"><a href=\"https:\/\/wirth-vm.de\/?page_id=4489\">\u00dcbersicht<\/a><\/li>\n\t<li class=\"page_item page-item-4229\"><a href=\"https:\/\/wirth-vm.de\/?page_id=4229\">Mittelstand<\/a><\/li>\n<\/ul>\n<\/li>\n<li class=\"page_item page-item-4516 page_item_has_children\"><a href=\"https:\/\/wirth-vm.de\/?page_id=4516\">Kontakt \u00dcbersicht<\/a>\n<ul class='children'>\n\t<li class=\"page_item page-item-4267\"><a href=\"https:\/\/wirth-vm.de\/?page_id=4267\">Kontakt<\/a><\/li>\n\t<li class=\"page_item page-item-4170\"><a href=\"https:\/\/wirth-vm.de\/?page_id=4170\">Kontaktformular<\/a><\/li>\n\t<li class=\"page_item page-item-4273\"><a href=\"https:\/\/wirth-vm.de\/?page_id=4273\">Impressum<\/a><\/li>\n\t<li class=\"page_item page-item-4544\"><a href=\"https:\/\/wirth-vm.de\/?page_id=4544\">Datenschutzerkl\u00e4rung<\/a><\/li>\n<\/ul>\n<\/li>\n<li class=\"page_item page-item-4166 page_item_has_children\"><a href=\"https:\/\/wirth-vm.de\/?page_id=4166\">Kompetenzen<\/a>\n<ul class='children'>\n\t<li class=\"page_item page-item-4233\"><a href=\"https:\/\/wirth-vm.de\/?page_id=4233\">Ihre Motivation<\/a><\/li>\n\t<li class=\"page_item page-item-4235\"><a href=\"https:\/\/wirth-vm.de\/?page_id=4235\">Unsere Arbeitsweise<\/a><\/li>\n\t<li class=\"page_item page-item-4320\"><a href=\"https:\/\/wirth-vm.de\/?page_id=4320\">Unsere Produkte<\/a><\/li>\n\t<li class=\"page_item page-item-4239\"><a href=\"https:\/\/wirth-vm.de\/?page_id=4239\">Aus Schaden wird man klug<\/a><\/li>\n<\/ul>\n<\/li>\n<li class=\"page_item page-item-4168 current_page_parent\"><a href=\"https:\/\/wirth-vm.de\/?page_id=4168\">Wirth Report<\/a><\/li>\n\n<\/ul>\n","protected":false},"excerpt":{"rendered":"Startseite Sitemap \u00dcber uns Unser Unternehmensziel Das Team Firmenhistorie Netzwerk &#038; Partner Berufsbild Unsere Mandanten \u00dcbersicht Mittelstand Kontakt \u00dcbersicht Kontakt Kontaktformular Impressum Datenschutzerkl\u00e4rung Kompetenzen Ihre Motivation Unsere Arbeitsweise Unsere Produkte Aus Schaden wird man klug Wirth Report","protected":false},"author":3,"featured_media":0,"parent":0,"menu_order":0,"comment_status":"open","ping_status":"closed","template":"","meta":[],"_links":{"self":[{"href":"https:\/\/wirth-vm.de\/index.php?rest_route=\/wp\/v2\/pages\/4501"}],"collection":[{"href":"https:\/\/wirth-vm.de\/index.php?rest_route=\/wp\/v2\/pages"}],"about":[{"href":"https:\/\/wirth-vm.de\/index.php?rest_route=\/wp\/v2\/types\/page"}],"author":[{"embeddable":true,"href":"https:\/\/wirth-vm.de\/index.php?rest_route=\/wp\/v2\/users\/3"}],"replies":[{"embeddable":true,"href":"https:\/\/wirth-vm.de\/index.php?rest_route=%2Fwp%2Fv2%2Fcomments&post=4501"}],"version-history":[{"count":8,"href":"https:\/\/wirth-vm.de\/index.php?rest_route=\/wp\/v2\/pages\/4501\/revisions"}],"predecessor-version":[{"id":4509,"href":"https:\/\/wirth-vm.de\/index.php?rest_route=\/wp\/v2\/pages\/4501\/revisions\/4509"}],"wp:attachment":[{"href":"https:\/\/wirth-vm.de\/index.php?rest_route=%2Fwp%2Fv2%2Fmedia&parent=4501"}],"curies":[{"name":"wp","href":"https:\/\/api.w.org\/{rel}","templated":true}]}}