{"id":4489,"date":"2015-03-22T19:10:36","date_gmt":"2015-03-22T17:10:36","guid":{"rendered":"http:\/\/wirth-vm.de\/?page_id=4489"},"modified":"2015-03-24T16:30:39","modified_gmt":"2015-03-24T14:30:39","slug":"uebersicht","status":"publish","type":"page","link":"https:\/\/wirth-vm.de\/?page_id=4489","title":{"rendered":"\u00dcbersicht"},"content":{"rendered":"<div  class=\"vc_row wpb_row vc_row-fluid  \" ><div class=\"clr  \" >\n\t<div class=\"vc_col-sm-12 wpb_column column_container   \"><div class=\"clr \" >\n\t\t\t\n\t<div class=\"wpb_text_column wpb_content_element \">\n\t\t<div class=\"wpb_wrapper\">\n\t\t\t<p><strong>In den vergangenen Jahren waren wir f\u00fcr die unterschiedlichsten Kunden t\u00e4tig, dazu z\u00e4hlen unter anderem:<\/strong><\/p>\n\n\t\t<\/div> \n\t<\/div> <hr class=\"vcex-spacing  \" style=\"height: 10px\" \/><\/div>\n\t<\/div> \n<\/div><\/div><div  class=\"vc_row wpb_row vc_row-fluid  \" ><div class=\"clr  \" >\n\t<div class=\"vc_col-sm-6 wpb_column column_container   \"><div class=\"clr \" >\n\t\t\t\n\t<div class=\"wpb_text_column wpb_content_element \">\n\t\t<div class=\"wpb_wrapper\">\n\t\t\t<h3><strong><a title=\"Mittelstand\" href=\"https:\/\/wirth-vm.de\/?page_id=4229\">Mittelstand:<\/a>\u00a0<\/strong><\/h3>\n<p>&#8211; Maschinenbau<br \/>\n&#8211; Produzierendes Gewerbe<br \/>\n&#8211; Bauindustrie<br \/>\n&#8211; Transportunternehmen<br \/>\nusw.<\/p>\n<h3><strong>Handwerker:<\/strong><\/h3>\n<p><span style=\"line-height: 1.5;\">&#8211; Dachdecker<\/span><br \/>\n&#8211; Schlosserei<br \/>\n&#8211; B\u00e4cker<br \/>\nusw.<\/p>\n\n\t\t<\/div> \n\t<\/div> <\/div>\n\t<\/div> \n\n\t<div class=\"vc_col-sm-6 wpb_column column_container   \"><div class=\"clr \" >\n\t\t\t\n\t<div class=\"wpb_text_column wpb_content_element \">\n\t\t<div class=\"wpb_wrapper\">\n\t\t\t<h3><strong>Freiberufler:<\/strong><\/h3>\n<p>&#8211; Steuerberater<br \/>\n&#8211; Rechtsanw\u00e4lte<br \/>\n&#8211; Architekten<br \/>\n&#8211; \u00c4rzte<br \/>\n&#8211; Apotheker<br \/>\nusw.<\/p>\n<h3><strong>Selbstst\u00e4ndige:<\/strong><\/h3>\n<p>&#8211; Werbefirma<br \/>\n&#8211; Veranstalter<br \/>\n&#8211; Einzelhandel<br \/>\nusw.<\/p>\n\n\t\t<\/div> \n\t<\/div> <\/div>\n\t<\/div> \n<\/div><\/div>\n","protected":false},"excerpt":{"rendered":"In den vergangenen Jahren waren wir f\u00fcr die unterschiedlichsten Kunden t\u00e4tig, dazu z\u00e4hlen unter anderem: Mittelstand:\u00a0 - Maschinenbau - Produzierendes Gewerbe - Bauindustrie - Transportunternehmen usw. Handwerker: - Dachdecker - Schlosserei - B\u00e4cker usw. Freiberufler: - Steuerberater - Rechtsanw\u00e4lte - Architekten - \u00c4rzte - Apotheker usw. Selbstst\u00e4ndige: - Werbefirma - Veranstalter - Einzelhandel usw.","protected":false},"author":3,"featured_media":0,"parent":4512,"menu_order":1,"comment_status":"open","ping_status":"closed","template":"","meta":[],"_links":{"self":[{"href":"https:\/\/wirth-vm.de\/index.php?rest_route=\/wp\/v2\/pages\/4489"}],"collection":[{"href":"https:\/\/wirth-vm.de\/index.php?rest_route=\/wp\/v2\/pages"}],"about":[{"href":"https:\/\/wirth-vm.de\/index.php?rest_route=\/wp\/v2\/types\/page"}],"author":[{"embeddable":true,"href":"https:\/\/wirth-vm.de\/index.php?rest_route=\/wp\/v2\/users\/3"}],"replies":[{"embeddable":true,"href":"https:\/\/wirth-vm.de\/index.php?rest_route=%2Fwp%2Fv2%2Fcomments&post=4489"}],"version-history":[{"count":12,"href":"https:\/\/wirth-vm.de\/index.php?rest_route=\/wp\/v2\/pages\/4489\/revisions"}],"predecessor-version":[{"id":4553,"href":"https:\/\/wirth-vm.de\/index.php?rest_route=\/wp\/v2\/pages\/4489\/revisions\/4553"}],"up":[{"embeddable":true,"href":"https:\/\/wirth-vm.de\/index.php?rest_route=\/wp\/v2\/pages\/4512"}],"wp:attachment":[{"href":"https:\/\/wirth-vm.de\/index.php?rest_route=%2Fwp%2Fv2%2Fmedia&parent=4489"}],"curies":[{"name":"wp","href":"https:\/\/api.w.org\/{rel}","templated":true}]}}