{"id":4320,"date":"2015-02-09T15:25:55","date_gmt":"2015-02-09T13:25:55","guid":{"rendered":"http:\/\/wirth-vm.de\/?page_id=4320"},"modified":"2015-03-24T16:16:04","modified_gmt":"2015-03-24T14:16:04","slug":"unsere-produkte","status":"publish","type":"page","link":"https:\/\/wirth-vm.de\/?page_id=4320","title":{"rendered":"Unsere Produkte"},"content":{"rendered":"<p><strong>Unser Hauptaugenmerk bei der Beratung und Absicherung unserer Mandanten liegt in folgenden Bereichen:<\/strong><\/p>\n<p><strong><span style=\"font-size: 21px;\">1)<\/span><\/strong> Haftpflichtversicherung: Abdeckung aller Risiken<\/p>\n<p><span style=\"font-size: 21px;\"><strong>2)<\/strong> <\/span>Absicherung existenzbedrohender Risiken wie Feuer- und Sturmsch\u00e4den<\/p>\n<p><strong><span style=\"font-size: 21px;\">3)<\/span> <\/strong>Mitarbeiterbindungsinstrumente wie Krankenversicherung, betrieblicher Altersvorsorgung und Unfallversicherung<\/p>\n<p><strong><span style=\"font-size: 21px;\">4)<\/span><\/strong> B\u00fcrgschaften und Forderungsausfall<\/p>\n<p><span style=\"font-size: 21px;\"><strong>5)<\/strong> <\/span>Absicherung des Unternehmers und seinem pers\u00f6nlichen Umfeld<\/p>\n<p>&nbsp;<\/p>\n<p><em>Nat\u00fcrlich beraten wir Sie auch zu anderen Themen im Versicherungsbereich begegnen und wichtig sind.<\/em><\/p>\n","protected":false},"excerpt":{"rendered":"<p>Unser Hauptaugenmerk bei der Beratung und Absicherung unserer Mandanten liegt in folgenden Bereichen: 1) Haftpflichtversicherung: Abdeckung aller Risiken 2) Absicherung existenzbedrohender Risiken wie Feuer- und Sturmsch\u00e4den 3) Mitarbeiterbindungsinstrumente wie Krankenversicherung, betrieblicher Altersvorsorgung und Unfallversicherung 4) B\u00fcrgschaften und Forderungsausfall 5) Absicherung des Unternehmers und seinem pers\u00f6nlichen Umfeld &nbsp; Nat\u00fcrlich beraten wir Sie auch zu anderen Themen im Versicherungsbereich begegnen und wichtig sind.<\/p>\n","protected":false},"author":3,"featured_media":0,"parent":4166,"menu_order":3,"comment_status":"open","ping_status":"closed","template":"","meta":[],"_links":{"self":[{"href":"https:\/\/wirth-vm.de\/index.php?rest_route=\/wp\/v2\/pages\/4320"}],"collection":[{"href":"https:\/\/wirth-vm.de\/index.php?rest_route=\/wp\/v2\/pages"}],"about":[{"href":"https:\/\/wirth-vm.de\/index.php?rest_route=\/wp\/v2\/types\/page"}],"author":[{"embeddable":true,"href":"https:\/\/wirth-vm.de\/index.php?rest_route=\/wp\/v2\/users\/3"}],"replies":[{"embeddable":true,"href":"https:\/\/wirth-vm.de\/index.php?rest_route=%2Fwp%2Fv2%2Fcomments&post=4320"}],"version-history":[{"count":7,"href":"https:\/\/wirth-vm.de\/index.php?rest_route=\/wp\/v2\/pages\/4320\/revisions"}],"predecessor-version":[{"id":4417,"href":"https:\/\/wirth-vm.de\/index.php?rest_route=\/wp\/v2\/pages\/4320\/revisions\/4417"}],"up":[{"embeddable":true,"href":"https:\/\/wirth-vm.de\/index.php?rest_route=\/wp\/v2\/pages\/4166"}],"wp:attachment":[{"href":"https:\/\/wirth-vm.de\/index.php?rest_route=%2Fwp%2Fv2%2Fmedia&parent=4320"}],"curies":[{"name":"wp","href":"https:\/\/api.w.org\/{rel}","templated":true}]}}