{"id":4225,"date":"2014-09-24T15:58:48","date_gmt":"2014-09-24T13:58:48","guid":{"rendered":"http:\/\/wirth-vm.de\/?page_id=4225"},"modified":"2015-03-22T20:04:03","modified_gmt":"2015-03-22T18:04:03","slug":"berufsbild","status":"publish","type":"page","link":"https:\/\/wirth-vm.de\/?page_id=4225","title":{"rendered":"Berufsbild"},"content":{"rendered":"<p><strong>Der Makler ist heutzutage in allen Bereichen der Wirtschaft anzutreffen.\u00a0Bekannt ist vor allem das Makeln von Mietobjekten und Wohneigentum. Doch was ist eigentlich die Geschichte des Berufes?<\/strong><\/p>\n<p>Der Makler ist keineswegs eine Erfindung der Neuzeit, vielmehr gibt es Nachweise f\u00fcr die ersten oberitalienischen Versicherungsmakler aus dem\u00a011. Jahrhundert. Der Begriff des Maklers entwickelte sich hierzulande aus dem Niederdeutschen &#8222;M\u00e4kler&#8220;, das sich vom Begriff &#8222;maken&#8220; ableitet (urspr\u00fcngliche Bedeutung: &#8222;Gesch\u00e4fte machen&#8220;). (Quelle: <a href=\"http:\/\/de.wikipedia.org\/wiki\/Makler\">Wikipedia<\/a>)<\/p>\n<p>In der Historie ist der Versicherungsmakler als Tr\u00e4ger des \u00f6ffentlichen Vertrauens bekannt. Nachweislich sind Sie als Vermittler in der Seeversicherung aufgetreten, da der Handel oft durch die rauhen Seebedingungen bedroht wurde. &#8222;Der \u00e4lteste erhaltene Seeversicherungsvertrag aus Deutschland stammt aus dem Jahre 1588 und wurde in Hamburg geschlossen.&#8220; (Quelle: <a href=\"http:\/\/de.wikipedia.org\/wiki\/Versicherungsmakler_(Deutschland)#Geschichte_des_Berufs\">Wikipedia<\/a>)<\/p>\n<p>Dabei nimmt der Versicherungsmakler eine Sonderposition ein. Er\/Sie ist der einzige, der nicht zwischen den beiden Parteien steht, sondern nur dem Kunden dient. Bei einem Mietobjekt muss der Makler beiden Parteien gerecht werden. Zum einem m\u00f6chte der Verk\u00e4ufer einen angemessenen Preis, anderseits muss auch der K\u00e4ufer ein f\u00fcr ihn gutes Preisangebot erhalten. In der Versicherungsbranche\u00a0\u00fcbernimmt der Versicherungsmakler die Pr\u00fcfung der Angebote f\u00fcr den Kunden und sucht das zu demjenigen bestpassende Angebot heraus. Damit dient er nur dem Kunden und ist keiner Versicherung gegen\u00fcber verpflichtet.<\/p>\n<p>So sind auch wir nur f\u00fcr einen da. Und das sind Sie.<\/p>\n<p>Ihre Versicherungsmaklerin<\/p>\n","protected":false},"excerpt":{"rendered":"<p>Der Makler ist heutzutage in allen Bereichen der Wirtschaft anzutreffen.\u00a0Bekannt ist vor allem das Makeln von Mietobjekten und Wohneigentum. Doch was ist eigentlich die Geschichte des Berufes? Der Makler ist keineswegs eine Erfindung der Neuzeit, vielmehr gibt es Nachweise f\u00fcr die ersten oberitalienischen Versicherungsmakler aus dem\u00a011. Jahrhundert. Der Begriff des Maklers entwickelte sich hierzulande aus dem Niederdeutschen &#8222;M\u00e4kler&#8220;, das sich vom Begriff &#8222;maken&#8220; ableitet (urspr\u00fcngliche&#8230;<\/p>\n","protected":false},"author":3,"featured_media":0,"parent":4510,"menu_order":5,"comment_status":"open","ping_status":"closed","template":"","meta":[],"_links":{"self":[{"href":"https:\/\/wirth-vm.de\/index.php?rest_route=\/wp\/v2\/pages\/4225"}],"collection":[{"href":"https:\/\/wirth-vm.de\/index.php?rest_route=\/wp\/v2\/pages"}],"about":[{"href":"https:\/\/wirth-vm.de\/index.php?rest_route=\/wp\/v2\/types\/page"}],"author":[{"embeddable":true,"href":"https:\/\/wirth-vm.de\/index.php?rest_route=\/wp\/v2\/users\/3"}],"replies":[{"embeddable":true,"href":"https:\/\/wirth-vm.de\/index.php?rest_route=%2Fwp%2Fv2%2Fcomments&post=4225"}],"version-history":[{"count":4,"href":"https:\/\/wirth-vm.de\/index.php?rest_route=\/wp\/v2\/pages\/4225\/revisions"}],"predecessor-version":[{"id":4283,"href":"https:\/\/wirth-vm.de\/index.php?rest_route=\/wp\/v2\/pages\/4225\/revisions\/4283"}],"up":[{"embeddable":true,"href":"https:\/\/wirth-vm.de\/index.php?rest_route=\/wp\/v2\/pages\/4510"}],"wp:attachment":[{"href":"https:\/\/wirth-vm.de\/index.php?rest_route=%2Fwp%2Fv2%2Fmedia&parent=4225"}],"curies":[{"name":"wp","href":"https:\/\/api.w.org\/{rel}","templated":true}]}}